{"id":540,"date":"2020-10-12T10:58:26","date_gmt":"2020-10-12T09:58:26","guid":{"rendered":"https:\/\/arinnaconsulting.com\/unternehmen-copy-2"},"modified":"2020-10-13T10:06:08","modified_gmt":"2020-10-13T09:06:08","slug":"maritimeconsulting","status":"publish","type":"page","link":"https:\/\/arinnaconsulting.com\/en\/maritimeconsulting","title":{"rendered":"Maritime Consulting"},"content":{"rendered":"<div      class=\"vc_row wpb_row section vc_row-fluid  vc_custom_1576594617462 grid_section\" style=' text-align:left;'><div class=\"section_inner clearfix\"><div class='section_inner_margin clearfix'><div class=\"wpb_column vc_column_container vc_col-sm-12 vc_col-lg-6 vc_col-md-12\"><div class=\"vc_column-inner\"><div class=\"wpb_wrapper\"><div class='q_elements_holder one_column responsive_mode_from_768' ><div class='q_elements_item' data-1280-1440='0 0 0 0' data-animation='no' data-item-class='q_elements_holder_custom_371345'><div class='q_elements_item_inner'><div class='q_elements_item_content q_elements_holder_custom_371345' style='padding:0'>\n\t<div class=\"wpb_text_column wpb_content_element\">\n\t\t<div class=\"wpb_wrapper\">\n\t\t\t<h1>Starke Partner auf hoher See und in sicheren H\u00e4fen<\/h1>\n\n\t\t<\/div> \n\t<\/div> <\/div><\/div><\/div><\/div>\t<div class=\"vc_empty_space\"  style=\"height: 50px\" ><span\n\t\t\tclass=\"vc_empty_space_inner\">\n\t\t\t<span class=\"empty_space_image\"  ><\/span>\n\t\t<\/span><\/div>\n\n<\/div><\/div><\/div><div class=\"wpb_column vc_column_container vc_col-sm-12 vc_col-lg-6 vc_col-md-12\"><div class=\"vc_column-inner\"><div class=\"wpb_wrapper\">\t<div class=\"vc_empty_space\"  style=\"height: 14px\" ><span\n\t\t\tclass=\"vc_empty_space_inner\">\n\t\t\t<span class=\"empty_space_image\"  ><\/span>\n\t\t<\/span><\/div>\n\n\n\t<div class=\"wpb_text_column wpb_content_element\">\n\t\t<div class=\"wpb_wrapper\">\n\t\t\t<p>Neben der internationalen Wirtschaftsberatung liegt eine unserer Kernkompetenzen im Bereich des maritime Consulting. Von nautischen Schadensgutachten \u00fcber das Besatzungsmanagement bis hin zur Vermittlung und Abwicklung von Schiffsk\u00e4ufen stehen unsere Experten Ihnen mit Rat und Tat zur Seite.<\/p>\n\n\t\t<\/div> \n\t<\/div> \t<div class=\"vc_empty_space\"  style=\"height: 50px\" ><span\n\t\t\tclass=\"vc_empty_space_inner\">\n\t\t\t<span class=\"empty_space_image\"  ><\/span>\n\t\t<\/span><\/div>\n\n<\/div><\/div><\/div><\/div><\/div><\/div><div      class=\"vc_row wpb_row section vc_row-fluid  vc_custom_1602511224038 grid_section full_screen_section\" style=' text-align:left;'><div class=\"section_inner clearfix\"><div class='section_inner_margin clearfix'><div class=\"wpb_column vc_column_container vc_col-sm-4 vc_col-lg-3 vc_col-md-6\"><div class=\"vc_column-inner\"><div class=\"wpb_wrapper\">\n\t<div class=\"wpb_single_image wpb_content_element vc_align_left\">\n\t\t<div class=\"wpb_wrapper\">\n\t\t\t\n\t\t\t<div class=\"vc_single_image-wrapper   vc_box_border_grey\"><img width=\"300\" height=\"295\" src=\"https:\/\/arinnaconsulting.com\/wp-content\/uploads\/2020\/10\/ship1stpart-300x295.jpg\" class=\"vc_single_image-img attachment-medium\" alt=\"\" decoding=\"async\" srcset=\"https:\/\/arinnaconsulting.com\/wp-content\/uploads\/2020\/10\/ship1stpart-300x295.jpg 300w, https:\/\/arinnaconsulting.com\/wp-content\/uploads\/2020\/10\/ship1stpart.jpg 333w\" sizes=\"(max-width: 300px) 100vw, 300px\" \/><\/div>\n\t\t<\/div>\n\t<\/div>\n\t<div class=\"vc_empty_space\"  style=\"height: 28px\" ><span\n\t\t\tclass=\"vc_empty_space_inner\">\n\t\t\t<span class=\"empty_space_image\"  ><\/span>\n\t\t<\/span><\/div>\n\n\n\t<div class=\"wpb_text_column wpb_content_element\">\n\t\t<div class=\"wpb_wrapper\">\n\t\t\t<h2>Crewing &amp; Besatzungsmanagement<\/h2>\n\n\t\t<\/div> \n\t<\/div> \t<div class=\"vc_empty_space\"  style=\"height: 24px\" ><span\n\t\t\tclass=\"vc_empty_space_inner\">\n\t\t\t<span class=\"empty_space_image\"  ><\/span>\n\t\t<\/span><\/div>\n\n\n\t<div class=\"wpb_text_column wpb_content_element\">\n\t\t<div class=\"wpb_wrapper\">\n\t\t\t<p>Reeder wissen wie anspruchsvoll es ist, eine geeignete Besatzung zusammenzustellen. Wir verf\u00fcgen \u00fcber ein weitreichendes internationales Netzwerk zu Patenttr\u00e4gern Deck und Maschine sowie maritimen Ausbildungsst\u00e4tten f\u00fcr die Ebenen Kadetten und Praktikanten. Auf diese Weise helfen wir Ihnen beim Besatzungsmanagement und finden individuelle L\u00f6sungen f\u00fcr ihre spezifischen Crew-Anforderungen.<\/p>\n\n\t\t<\/div> \n\t<\/div> \t<div class=\"vc_empty_space\"  style=\"height: 50px\" ><span\n\t\t\tclass=\"vc_empty_space_inner\">\n\t\t\t<span class=\"empty_space_image\"  ><\/span>\n\t\t<\/span><\/div>\n\n<\/div><\/div><\/div><div class=\"wpb_column vc_column_container vc_col-sm-4 vc_col-lg-3 vc_col-md-6\"><div class=\"vc_column-inner\"><div class=\"wpb_wrapper\">\n\t<div class=\"wpb_single_image wpb_content_element vc_align_left\">\n\t\t<div class=\"wpb_wrapper\">\n\t\t\t\n\t\t\t<div class=\"vc_single_image-wrapper   vc_box_border_grey\"><img width=\"300\" height=\"295\" src=\"https:\/\/arinnaconsulting.com\/wp-content\/uploads\/2020\/10\/ship2ndpart-300x295.jpg\" class=\"vc_single_image-img attachment-medium\" alt=\"\" decoding=\"async\" srcset=\"https:\/\/arinnaconsulting.com\/wp-content\/uploads\/2020\/10\/ship2ndpart-300x295.jpg 300w, https:\/\/arinnaconsulting.com\/wp-content\/uploads\/2020\/10\/ship2ndpart.jpg 333w\" sizes=\"(max-width: 300px) 100vw, 300px\" \/><\/div>\n\t\t<\/div>\n\t<\/div>\n\t<div class=\"vc_empty_space\"  style=\"height: 28px\" ><span\n\t\t\tclass=\"vc_empty_space_inner\">\n\t\t\t<span class=\"empty_space_image\"  ><\/span>\n\t\t<\/span><\/div>\n\n\n\t<div class=\"wpb_text_column wpb_content_element\">\n\t\t<div class=\"wpb_wrapper\">\n\t\t\t<h2>Maritime Forschung &amp; Forschungsf\u00f6rderung<\/h2>\n\n\t\t<\/div> \n\t<\/div> \t<div class=\"vc_empty_space\"  style=\"height: 24px\" ><span\n\t\t\tclass=\"vc_empty_space_inner\">\n\t\t\t<span class=\"empty_space_image\"  ><\/span>\n\t\t<\/span><\/div>\n\n\n\t<div class=\"wpb_text_column wpb_content_element\">\n\t\t<div class=\"wpb_wrapper\">\n\t\t\t<p>Dank langj\u00e4hriger Erfahrung, Vernetzung in der deutschen Hochschullandschaft und Kontakten zur deutschen KMU ist die Arinna Consulting GmbH qualifiziert, Auftragsforschung in schiffsbetriebstechnischer und nautischer Hinsicht zu bew\u00e4ltigen, von maritimer Logistik bis Motorenkompetenzen.<br \/>\nEbenso bieten wir Hilfe bei der Anstragsstellung um Drittmittelf\u00f6rderung.<\/p>\n\n\t\t<\/div> \n\t<\/div> \t<div class=\"vc_empty_space\"  style=\"height: 50px\" ><span\n\t\t\tclass=\"vc_empty_space_inner\">\n\t\t\t<span class=\"empty_space_image\"  ><\/span>\n\t\t<\/span><\/div>\n\n<\/div><\/div><\/div><div class=\"wpb_column vc_column_container vc_col-sm-4 vc_col-lg-3 vc_col-md-6\"><div class=\"vc_column-inner\"><div class=\"wpb_wrapper\">\n\t<div class=\"wpb_single_image wpb_content_element vc_align_left\">\n\t\t<div class=\"wpb_wrapper\">\n\t\t\t\n\t\t\t<div class=\"vc_single_image-wrapper   vc_box_border_grey\"><img width=\"300\" height=\"295\" src=\"https:\/\/arinnaconsulting.com\/wp-content\/uploads\/2020\/10\/ship3rdpart-300x295.jpg\" class=\"vc_single_image-img attachment-medium\" alt=\"\" decoding=\"async\" srcset=\"https:\/\/arinnaconsulting.com\/wp-content\/uploads\/2020\/10\/ship3rdpart-300x295.jpg 300w, https:\/\/arinnaconsulting.com\/wp-content\/uploads\/2020\/10\/ship3rdpart.jpg 333w\" sizes=\"(max-width: 300px) 100vw, 300px\" \/><\/div>\n\t\t<\/div>\n\t<\/div>\n\t<div class=\"vc_empty_space\"  style=\"height: 28px\" ><span\n\t\t\tclass=\"vc_empty_space_inner\">\n\t\t\t<span class=\"empty_space_image\"  ><\/span>\n\t\t<\/span><\/div>\n\n\n\t<div class=\"wpb_text_column wpb_content_element\">\n\t\t<div class=\"wpb_wrapper\">\n\t\t\t<h2>Vermittlung &amp; Beratung beim Schiffskauf<\/h2>\n\n\t\t<\/div> \n\t<\/div> \t<div class=\"vc_empty_space\"  style=\"height: 24px\" ><span\n\t\t\tclass=\"vc_empty_space_inner\">\n\t\t\t<span class=\"empty_space_image\"  ><\/span>\n\t\t<\/span><\/div>\n\n\n\t<div class=\"wpb_text_column wpb_content_element\">\n\t\t<div class=\"wpb_wrapper\">\n\t\t\t<p>Gewinnen Sie uns als kompetenten Partner, wenn Sie am direkten Erwerb von Schiffen, an der Wertpreisermittlung und vergleichbarem interessiert sind. Wir kennen alle wichtigen Anlaufstellen, und bringen Sie mit den richtigen Partnern zusammen.<br \/>\nEbenso vermitteln wir Ihnen in F\u00e4llen von nautischen Schadensgutachten die richtigen Sachverst\u00e4ndigen f\u00fcr schnellstm\u00f6gliche L\u00f6sungen.<\/p>\n\n\t\t<\/div> \n\t<\/div> \t<div class=\"vc_empty_space\"  style=\"height: 50px\" ><span\n\t\t\tclass=\"vc_empty_space_inner\">\n\t\t\t<span class=\"empty_space_image\"  ><\/span>\n\t\t<\/span><\/div>\n\n<\/div><\/div><\/div><\/div><\/div><\/div><div      class=\"vc_row wpb_row section vc_row-fluid\" style=' text-align:left;'><div class=\"full_section_inner clearfix\"><div class=\"wpb_column vc_column_container vc_col-sm-12\"><div class=\"vc_column-inner\"><div class=\"wpb_wrapper\">\n\t<div class=\"wpb_single_image wpb_content_element vc_align_center\">\n\t\t<div class=\"wpb_wrapper\">\n\t\t\t\n\t\t\t<div class=\"vc_single_image-wrapper   vc_box_border_grey\"><img width=\"1920\" height=\"400\" src=\"https:\/\/arinnaconsulting.com\/wp-content\/uploads\/2019\/12\/unternehmen-1.jpg\" class=\"vc_single_image-img attachment-full\" alt=\"\" decoding=\"async\" srcset=\"https:\/\/arinnaconsulting.com\/wp-content\/uploads\/2019\/12\/unternehmen-1.jpg 1920w, https:\/\/arinnaconsulting.com\/wp-content\/uploads\/2019\/12\/unternehmen-1-300x63.jpg 300w, https:\/\/arinnaconsulting.com\/wp-content\/uploads\/2019\/12\/unternehmen-1-1024x213.jpg 1024w, https:\/\/arinnaconsulting.com\/wp-content\/uploads\/2019\/12\/unternehmen-1-768x160.jpg 768w, https:\/\/arinnaconsulting.com\/wp-content\/uploads\/2019\/12\/unternehmen-1-1536x320.jpg 1536w, https:\/\/arinnaconsulting.com\/wp-content\/uploads\/2019\/12\/unternehmen-1-700x146.jpg 700w\" sizes=\"(max-width: 1920px) 100vw, 1920px\" \/><\/div>\n\t\t<\/div>\n\t<\/div>\n<\/div><\/div><\/div><\/div><\/div>","protected":false},"excerpt":{"rendered":"Starke Partner auf hoher See und in sicheren H\u00e4fen Neben der internationalen Wirtschaftsberatung liegt eine unserer Kernkompetenzen im Bereich des maritime Consulting. Von nautischen Schadensgutachten \u00fcber das Besatzungsmanagement bis hin zur Vermittlung und Abwicklung von Schiffsk\u00e4ufen stehen unsere Experten Ihnen mit Rat und Tat zur...","protected":false},"author":1,"featured_media":0,"parent":0,"menu_order":0,"comment_status":"closed","ping_status":"closed","template":"full_width.php","meta":[],"_links":{"self":[{"href":"https:\/\/arinnaconsulting.com\/en\/wp-json\/wp\/v2\/pages\/540"}],"collection":[{"href":"https:\/\/arinnaconsulting.com\/en\/wp-json\/wp\/v2\/pages"}],"about":[{"href":"https:\/\/arinnaconsulting.com\/en\/wp-json\/wp\/v2\/types\/page"}],"author":[{"embeddable":true,"href":"https:\/\/arinnaconsulting.com\/en\/wp-json\/wp\/v2\/users\/1"}],"replies":[{"embeddable":true,"href":"https:\/\/arinnaconsulting.com\/en\/wp-json\/wp\/v2\/comments?post=540"}],"version-history":[{"count":7,"href":"https:\/\/arinnaconsulting.com\/en\/wp-json\/wp\/v2\/pages\/540\/revisions"}],"predecessor-version":[{"id":553,"href":"https:\/\/arinnaconsulting.com\/en\/wp-json\/wp\/v2\/pages\/540\/revisions\/553"}],"wp:attachment":[{"href":"https:\/\/arinnaconsulting.com\/en\/wp-json\/wp\/v2\/media?parent=540"}],"curies":[{"name":"wp","href":"https:\/\/api.w.org\/{rel}","templated":true}]}}